{"id":117,"date":"2022-04-08T19:27:15","date_gmt":"2022-04-08T19:27:15","guid":{"rendered":"http:\/\/192.168.22.115\/servicioelonce\/?page_id=117"},"modified":"2023-11-29T16:25:52","modified_gmt":"2023-11-29T16:25:52","slug":"contacto","status":"publish","type":"page","link":"https:\/\/www.selonce.com.mx\/index.php\/contacto\/","title":{"rendered":"Contacto"},"content":{"rendered":"<p>[et_pb_section fb_built=&#8221;1&#8243; custom_padding_last_edited=&#8221;on|tablet&#8221; admin_label=&#8221;Hero&#8221; _builder_version=&#8221;4.11.1&#8243; use_background_color_gradient=&#8221;on&#8221; background_color_gradient_start=&#8221;#ffffff&#8221; background_color_gradient_end=&#8221;rgba(255,255,255,0.64)&#8221; background_color_gradient_direction=&#8221;360deg&#8221; background_color_gradient_overlays_image=&#8221;on&#8221; background_image=&#8221;https:\/\/www.selonce.com.mx\/wp-content\/uploads\/2021\/11\/slider-2-servicio-el-once-1024&#215;502-1.jpeg&#8221; custom_margin=&#8221;0px|||&#8221; custom_padding=&#8221;0px|10%|0px|10%|true|true&#8221; custom_padding_tablet=&#8221;|30px||30px||true&#8221; custom_padding_phone=&#8221;|||||true&#8221; locked=&#8221;off&#8221; global_colors_info=&#8221;{}&#8221;][et_pb_row column_structure=&#8221;2_3,1_3&#8243; padding_top_bottom_link_1=&#8221;false&#8221; padding_left_right_link_1=&#8221;true&#8221; _builder_version=&#8221;3.25&#8243; background_size=&#8221;initial&#8221; background_position=&#8221;top_left&#8221; width=&#8221;100%&#8221; max_width=&#8221;100%&#8221; custom_margin=&#8221;|||&#8221; custom_padding=&#8221;0||0px||false|false&#8221; use_custom_width=&#8221;on&#8221; width_unit=&#8221;off&#8221; custom_width_percent=&#8221;100%&#8221; global_colors_info=&#8221;{}&#8221;][et_pb_column type=&#8221;2_3&#8243; _builder_version=&#8221;3.25&#8243; use_background_color_gradient=&#8221;on&#8221; background_color_gradient_start=&#8221;rgba(0,0,0,0.07)&#8221; background_color_gradient_end=&#8221;rgba(255,255,255,0)&#8221; custom_padding=&#8221;10vw|40px|80px|40px&#8221; custom_padding_tablet=&#8221;|||&#8221; custom_padding_phone=&#8221;|10px||10px||true&#8221; custom_padding_last_edited=&#8221;on|desktop&#8221; global_colors_info=&#8221;{}&#8221; padding_phone=&#8221;|10px||10px||true&#8221; padding_tablet=&#8221;|||&#8221; padding_last_edited=&#8221;on|desktop&#8221; custom_padding__hover=&#8221;|||&#8221;][\/et_pb_column][et_pb_column type=&#8221;1_3&#8243; _builder_version=&#8221;3.25&#8243; custom_padding=&#8221;|||&#8221; global_colors_info=&#8221;{}&#8221; custom_padding__hover=&#8221;|||&#8221;][\/et_pb_column][\/et_pb_row][\/et_pb_section][et_pb_section fb_built=&#8221;1&#8243; make_equal=&#8221;on&#8221; use_custom_gutter=&#8221;on&#8221; gutter_width=&#8221;1&#8243; specialty=&#8221;on&#8221; next_background_color=&#8221;#ffffff&#8221; background_color_2=&#8221;#c10f1b&#8221; padding_top_bottom_link_1=&#8221;true&#8221; padding_top_bottom_link_2=&#8221;true&#8221; padding_top_1=&#8221;150px&#8221; padding_top_2=&#8221;150px&#8221; padding_right_1=&#8221;60px&#8221; padding_right_2=&#8221;10%&#8221; padding_bottom_1=&#8221;150px&#8221; padding_bottom_2=&#8221;150px&#8221; padding_left_1=&#8221;10%&#8221; padding_left_2=&#8221;60px&#8221; padding_1_tablet=&#8221;|0%||0%||true&#8221; padding_2_tablet=&#8221;40px|10%|100px|10%||true&#8221; padding_1_phone=&#8221;&#8221; padding_2_phone=&#8221;&#8221; padding_1_last_edited=&#8221;on|desktop&#8221; padding_2_last_edited=&#8221;on|desktop&#8221; module_class=&#8221; et_pb_specialty_fullwidth&#8221; _builder_version=&#8221;3.22&#8243; use_background_color_gradient=&#8221;on&#8221; background_color_gradient_start=&#8221;rgba(24,30,36,0.9)&#8221; background_color_gradient_end=&#8221;rgba(213,26,39,0.69)&#8221; background_color_gradient_overlays_image=&#8221;on&#8221; background_image=&#8221;https:\/\/www.selonce.com.mx\/wp-content\/uploads\/2021\/10\/car-dealer-34.jpg&#8221; inner_width=&#8221;100%&#8221; inner_width_tablet=&#8221;100%&#8221; inner_width_phone=&#8221;&#8221; inner_width_last_edited=&#8221;on|desktop&#8221; inner_max_width=&#8221;100%&#8221; inner_max_width_tablet=&#8221;100%&#8221; inner_max_width_phone=&#8221;&#8221; inner_max_width_last_edited=&#8221;on|desktop&#8221; custom_padding=&#8221;0px||0px||true&#8221; bottom_divider_style=&#8221;arrow&#8221; bottom_divider_arrangement=&#8221;above_content&#8221; animation_style=&#8221;slide&#8221; animation_direction=&#8221;bottom&#8221; animation_intensity_slide=&#8221;4%&#8221; animation_starting_opacity=&#8221;100%&#8221; box_shadow_style=&#8221;preset7&#8243; box_shadow_horizontal=&#8221;0px&#8221; box_shadow_vertical=&#8221;80px&#8221; box_shadow_color=&#8221;#ffffff&#8221; make_fullwidth=&#8221;on&#8221; saved_tabs=&#8221;all&#8221; global_colors_info=&#8221;{}&#8221;][et_pb_column type=&#8221;1_2&#8243; specialty_columns=&#8221;2&#8243; _builder_version=&#8221;3.25&#8243; custom_padding=&#8221;|||&#8221; global_colors_info=&#8221;{}&#8221; padding_tablet=&#8221;|0%||0%||true&#8221; padding_last_edited=&#8221;on|desktop&#8221; custom_padding__hover=&#8221;|||&#8221;][et_pb_row_inner _builder_version=&#8221;3.25&#8243; custom_padding=&#8221;0|0px|0|0px|true|false&#8221; global_colors_info=&#8221;{}&#8221;][et_pb_column_inner saved_specialty_column_type=&#8221;1_2&#8243; _builder_version=&#8221;3.25&#8243; custom_padding=&#8221;|||&#8221; global_colors_info=&#8221;{}&#8221; custom_padding__hover=&#8221;|||&#8221;][et_pb_text admin_label=&#8221;Get In Touch Title&#8221; _builder_version=&#8221;4.11.1&#8243; text_font=&#8221;Lato||||||||&#8221; text_font_size=&#8221;22px&#8221; text_line_height=&#8221;1.8em&#8221; header_font=&#8221;||||||||&#8221; header_2_font=&#8221;Teko||||||||&#8221; header_2_font_size=&#8221;96px&#8221; background_layout=&#8221;dark&#8221; custom_margin=&#8221;|||&#8221; header_2_font_size_tablet=&#8221;66px&#8221; header_2_font_size_phone=&#8221;36px&#8221; header_2_font_size_last_edited=&#8221;on|phone&#8221; locked=&#8221;off&#8221; global_colors_info=&#8221;{}&#8221;]<\/p>\n<h2>Ubicaci\u00f3n<\/h2>\n<p>[\/et_pb_text][et_pb_text admin_label=&#8221;Address Title&#8221; _builder_version=&#8221;4.11.1&#8243; text_font=&#8221;Lato||||||||&#8221; text_font_size=&#8221;18px&#8221; text_line_height=&#8221;1.8em&#8221; header_font=&#8221;||||||||&#8221; header_4_font=&#8221;Teko|500|||||||&#8221; header_4_font_size=&#8221;22px&#8221; background_layout=&#8221;dark&#8221; custom_margin=&#8221;|||&#8221; locked=&#8221;off&#8221; global_colors_info=&#8221;{}&#8221;]<iframe src=\"https:\/\/www.google.com\/maps\/embed?pb=!1m14!1m8!1m3!1d15049.043973757942!2d-99.211756!3d19.444311!3m2!1i1024!2i768!4f13.1!3m3!1m2!1s0x85d202162b800e7d%3A0x4208eb62d22cf5bf!2sCalz%20Legaria%20761%2C%20Col.%20Irrigaci%C3%B3n%2C%20Miguel%20Hidalgo%2C%2011500%20Ciudad%20de%20M%C3%A9xico%2C%20CDMX!5e0!3m2!1ses-419!2smx!4v1637963308421!5m2!1ses-419!2smx\" width=\"600\" height=\"450\" style=\"border:0;\" allowfullscreen=\"\" loading=\"lazy\"><\/iframe>[\/et_pb_text][et_pb_text admin_label=&#8221;Address Title&#8221; _builder_version=&#8221;4.11.1&#8243; text_font=&#8221;Lato||||||||&#8221; text_font_size=&#8221;18px&#8221; text_line_height=&#8221;1.8em&#8221; header_font=&#8221;||||||||&#8221; header_4_font=&#8221;Teko|500|||||||&#8221; header_4_font_size=&#8221;22px&#8221; background_layout=&#8221;dark&#8221; custom_margin=&#8221;|||&#8221; locked=&#8221;off&#8221; global_colors_info=&#8221;{}&#8221;]<\/p>\n<h4>Direcci\u00f3n<\/h4>\n<p><span>Calz. Legaria 761 Cuarto Piso, Col. Irrigaci\u00f3n, Delegaci\u00f3n Miguel Hidalgo, M\u00e9xico D.F., C.P. 11500.<\/span><\/p>\n<p>[\/et_pb_text][et_pb_text admin_label=&#8221;Phone&#8221; _builder_version=&#8221;4.11.1&#8243; text_font=&#8221;Teko|500|||||||&#8221; text_font_size=&#8221;40px&#8221; text_line_height=&#8221;2em&#8221; background_layout=&#8221;dark&#8221; custom_margin=&#8221;|||&#8221; locked=&#8221;off&#8221; global_colors_info=&#8221;{}&#8221;]<\/p>\n<p><span>\u260e <\/span>55 <span>8004 4000<\/span><\/p>\n<p>[\/et_pb_text][\/et_pb_column_inner][\/et_pb_row_inner][\/et_pb_column][et_pb_column type=&#8221;1_2&#8243; _builder_version=&#8221;3.25&#8243; background_color=&#8221;#c10f1b&#8221; custom_padding=&#8221;|||&#8221; global_colors_info=&#8221;{}&#8221; padding_tablet=&#8221;40px|10%|100px|10%||true&#8221; padding_last_edited=&#8221;on|desktop&#8221; custom_padding__hover=&#8221;|||&#8221;][et_pb_text admin_label=&#8221;Get In Touch Title&#8221; _builder_version=&#8221;4.11.1&#8243; text_font=&#8221;Lato||||||||&#8221; text_font_size=&#8221;22px&#8221; text_line_height=&#8221;1.8em&#8221; header_font=&#8221;||||||||&#8221; header_2_font=&#8221;Teko||||||||&#8221; header_2_font_size=&#8221;96px&#8221; background_layout=&#8221;dark&#8221; custom_margin=&#8221;|||&#8221; header_2_font_size_tablet=&#8221;66px&#8221; header_2_font_size_phone=&#8221;36px&#8221; header_2_font_size_last_edited=&#8221;on|phone&#8221; locked=&#8221;off&#8221; global_colors_info=&#8221;{}&#8221;]<\/p>\n<h2 style=\"text-align: center;\">Contacto<\/h2>\n<p>[\/et_pb_text][et_pb_text _builder_version=&#8221;4.11.1&#8243; _module_preset=&#8221;default&#8221; background_color=&#8221;#FFFFFF&#8221; custom_padding=&#8221;10px|10px|10px|10px|true|true&#8221; global_colors_info=&#8221;{}&#8221;]<\/p>\n<p class=\"p1\"><div role=\"form\" class=\"wpcf7\" id=\"wpcf7-f79-o1\" lang=\"es-MX\" dir=\"ltr\">\n<div class=\"screen-reader-response\"><p role=\"status\" aria-live=\"polite\" aria-atomic=\"true\"><\/p> <ul><\/ul><\/div>\n<form action=\"\/index.php\/wp-json\/wp\/v2\/pages\/117#wpcf7-f79-o1\" method=\"post\" class=\"wpcf7-form init\" novalidate=\"novalidate\" data-status=\"init\" id=\"form_contacto_seo\">\n<div style=\"display: none;\">\n<input type=\"hidden\" name=\"_wpcf7\" value=\"79\" \/>\n<input type=\"hidden\" name=\"_wpcf7_version\" value=\"5.5.6\" \/>\n<input type=\"hidden\" name=\"_wpcf7_locale\" value=\"es_MX\" \/>\n<input type=\"hidden\" name=\"_wpcf7_unit_tag\" value=\"wpcf7-f79-o1\" \/>\n<input type=\"hidden\" name=\"_wpcf7_container_post\" value=\"0\" \/>\n<input type=\"hidden\" name=\"_wpcf7_posted_data_hash\" value=\"\" \/>\n<input type=\"hidden\" name=\"_wpcf7_recaptcha_response\" value=\"\" \/>\n<\/div>\n<p>Estamos en todo momento para escucharte, d\u00e9janos un mensaje y a la brevedad te daremos respuesta.<\/p>\n<p><label>Nombre del solicitante: (requerido)<br \/>\n    <span class=\"wpcf7-form-control-wrap your-name\"><input type=\"text\" name=\"your-name\" value=\"\" size=\"40\" class=\"wpcf7-form-control wpcf7-text wpcf7-validates-as-required\" aria-required=\"true\" aria-invalid=\"false\" \/><\/span><\/label><\/p>\n<p><label>Correo electr\u00f3nico (requerido)<br \/>\n    <span class=\"wpcf7-form-control-wrap your-email\"><input type=\"email\" name=\"your-email\" value=\"\" size=\"40\" class=\"wpcf7-form-control wpcf7-text wpcf7-email wpcf7-validates-as-required wpcf7-validates-as-email\" aria-required=\"true\" aria-invalid=\"false\" \/><\/span> <\/label><\/p>\n<p><label> N\u00famero de tel\u00e9fono:<br \/>\n    <span class=\"wpcf7-form-control-wrap your-tel\"><input type=\"text\" name=\"your-tel\" value=\"\" size=\"40\" class=\"wpcf7-form-control wpcf7-text\" id=\"tel\" aria-invalid=\"false\" \/><\/span> <\/label><\/p>\n<p><label> Estaci\u00f3n de servicio: (*)<br \/>\n    <span class=\"wpcf7-form-control-wrap estacion\"><select name=\"estacion\" class=\"wpcf7-form-control wpcf7-select wpcf7-validates-as-required\" aria-required=\"true\" aria-invalid=\"false\"><option value=\"Los reyes\">Los reyes<\/option><option value=\"Pino\">Pino<\/option><option value=\"Progreso\">Progreso<\/option><option value=\"Cuautitl\u00e1n\">Cuautitl\u00e1n<\/option><option value=\"Tepeji del r\u00edo\">Tepeji del r\u00edo<\/option><option value=\"San mateo\">San mateo<\/option><option value=\"Real del monte\">Real del monte<\/option><option value=\"Acelotla\">Acelotla<\/option><option value=\"Tulipanes\">Tulipanes<\/option><\/select><\/span><\/label><\/p>\n<p><label>Mensaje:<br \/>\n    <span class=\"wpcf7-form-control-wrap your-message\"><textarea name=\"your-message\" cols=\"40\" rows=\"10\" class=\"wpcf7-form-control wpcf7-textarea wpcf7-validates-as-required\" aria-required=\"true\" aria-invalid=\"false\"><\/textarea><\/span> <\/label><\/p>\n<p><label hidden> Empresa:<br \/>\n   <span class=\"wpcf7-form-control-wrap empresa\"><input type=\"text\" name=\"empresa\" value=\"2000\" size=\"40\" class=\"wpcf7-form-control wpcf7-text\" id=\"empresa_id\" aria-invalid=\"false\" \/><\/span>  <\/label><\/p>\n<p><span class=\"wpcf7-form-control-wrap checkbox-881\"><span class=\"wpcf7-form-control wpcf7-checkbox wpcf7-validates-as-required wpcf7-exclusive-checkbox\"><span class=\"wpcf7-list-item first last\"><label><span class=\"wpcf7-list-item-label\"><\/span><input type=\"checkbox\" name=\"checkbox-881\" value=\"\" \/><\/label><\/span><\/span><\/span> He le\u00eddo y acepto los t\u00e9rminos y condiciones.<\/p>\n<p style=\"text-align: justify;\"> La empresa Servicio El Once S.A. de C.V., hace de su conocimiento que la informaci\u00f3n de nuestros clientes es tratada de forma estrictamente confidencial, y al proporcionar sus datos personales es consiente del tratamiento de los mismos con diversas finalidades. Para conocer el texto completo del aviso de privacidad para clientes y clientes potenciales, favor de consultar el siguiente link: <a href=\"https:\/\/www.selonce.com.mx\/index.php\/aviso-de-privacidad\/\">Aviso de privacidad<\/a>. <\/p>\n<p><input type=\"submit\" value=\"Enviar\" class=\"wpcf7-form-control has-spinner wpcf7-submit\" id=\"enviar\" \/><\/p>\n<input type='hidden' class='wpcf7-pum' value='{\"closepopup\":false,\"closedelay\":0,\"openpopup\":false,\"openpopup_id\":0}' \/><div class=\"wpcf7-response-output\" aria-hidden=\"true\"><\/div><\/form><\/div><\/p>\n<p>[\/et_pb_text][\/et_pb_column][\/et_pb_section]<\/p>\n","protected":false},"excerpt":{"rendered":"<p>Ubicaci\u00f3nDirecci\u00f3n Calz. Legaria 761 Cuarto Piso, Col. Irrigaci\u00f3n, Delegaci\u00f3n Miguel Hidalgo, M\u00e9xico D.F., C.P. 11500.\u260e 55 8004 4000Contacto<div role=\"form\" class=\"wpcf7\" id=\"wpcf7-f79-o2\" lang=\"es-MX\" dir=\"ltr\">\n<div class=\"screen-reader-response\"><p role=\"status\" aria-live=\"polite\" aria-atomic=\"true\"><\/p> <ul><\/ul><\/div>\n<form action=\"\/index.php\/wp-json\/wp\/v2\/pages\/117#wpcf7-f79-o2\" method=\"post\" class=\"wpcf7-form init\" novalidate=\"novalidate\" data-status=\"init\" id=\"form_contacto_seo\">\n<div style=\"display: none;\">\n<input type=\"hidden\" name=\"_wpcf7\" value=\"79\" \/>\n<input type=\"hidden\" name=\"_wpcf7_version\" value=\"5.5.6\" \/>\n<input type=\"hidden\" name=\"_wpcf7_locale\" value=\"es_MX\" \/>\n<input type=\"hidden\" name=\"_wpcf7_unit_tag\" value=\"wpcf7-f79-o2\" \/>\n<input type=\"hidden\" name=\"_wpcf7_container_post\" value=\"0\" \/>\n<input type=\"hidden\" name=\"_wpcf7_posted_data_hash\" value=\"\" \/>\n<input type=\"hidden\" name=\"_wpcf7_recaptcha_response\" value=\"\" \/>\n<\/div>\n<p>Estamos en todo momento para escucharte, d\u00e9janos un mensaje y a la brevedad te daremos respuesta.<\/p>\n<p><label>Nombre del solicitante: (requerido)<br \/>\n    <span class=\"wpcf7-form-control-wrap your-name\"><input type=\"text\" name=\"your-name\" value=\"\" size=\"40\" class=\"wpcf7-form-control wpcf7-text wpcf7-validates-as-required\" aria-required=\"true\" aria-invalid=\"false\" \/><\/span><\/label><\/p>\n<p><label>Correo electr\u00f3nico (requerido)<br \/>\n    <span class=\"wpcf7-form-control-wrap your-email\"><input type=\"email\" name=\"your-email\" value=\"\" size=\"40\" class=\"wpcf7-form-control wpcf7-text wpcf7-email wpcf7-validates-as-required wpcf7-validates-as-email\" aria-required=\"true\" aria-invalid=\"false\" \/><\/span> <\/label><\/p>\n<p><label> N\u00famero de tel\u00e9fono:<br \/>\n    <span class=\"wpcf7-form-control-wrap your-tel\"><input type=\"text\" name=\"your-tel\" value=\"\" size=\"40\" class=\"wpcf7-form-control wpcf7-text\" id=\"tel\" aria-invalid=\"false\" \/><\/span> <\/label><\/p>\n<p><label> Estaci\u00f3n de servicio: (*)<br \/>\n    <span class=\"wpcf7-form-control-wrap estacion\"><select name=\"estacion\" class=\"wpcf7-form-control wpcf7-select wpcf7-validates-as-required\" aria-required=\"true\" aria-invalid=\"false\"><option value=\"Los reyes\">Los reyes<\/option><option value=\"Pino\">Pino<\/option><option value=\"Progreso\">Progreso<\/option><option value=\"Cuautitl\u00e1n\">Cuautitl\u00e1n<\/option><option value=\"Tepeji del r\u00edo\">Tepeji del r\u00edo<\/option><option value=\"San mateo\">San mateo<\/option><option value=\"Real del monte\">Real del monte<\/option><option value=\"Acelotla\">Acelotla<\/option><option value=\"Tulipanes\">Tulipanes<\/option><\/select><\/span><\/label><\/p>\n<p><label>Mensaje:<br \/>\n    <span class=\"wpcf7-form-control-wrap your-message\"><textarea name=\"your-message\" cols=\"40\" rows=\"10\" class=\"wpcf7-form-control wpcf7-textarea wpcf7-validates-as-required\" aria-required=\"true\" aria-invalid=\"false\"><\/textarea><\/span> <\/label><\/p>\n<p><label hidden> Empresa:<br \/>\n   <span class=\"wpcf7-form-control-wrap empresa\"><input type=\"text\" name=\"empresa\" value=\"2000\" size=\"40\" class=\"wpcf7-form-control wpcf7-text\" id=\"empresa_id\" aria-invalid=\"false\" \/><\/span>  <\/label><\/p>\n<p><span class=\"wpcf7-form-control-wrap checkbox-881\"><span class=\"wpcf7-form-control wpcf7-checkbox wpcf7-validates-as-required wpcf7-exclusive-checkbox\"><span class=\"wpcf7-list-item first last\"><label><span class=\"wpcf7-list-item-label\"><\/span><input type=\"checkbox\" name=\"checkbox-881\" value=\"\" \/><\/label><\/span><\/span><\/span> He le\u00eddo y acepto los t\u00e9rminos y condiciones.<\/p>\n<p style=\"text-align: justify;\"> La empresa Servicio El Once S.A. de C.V., hace de su conocimiento que la informaci\u00f3n de nuestros clientes es tratada de forma estrictamente confidencial, y al proporcionar sus datos personales es consiente del tratamiento de los mismos con diversas finalidades. Para conocer el texto completo del aviso de privacidad para clientes y clientes potenciales, favor de consultar el siguiente link: <a href=\"https:\/\/www.selonce.com.mx\/index.php\/aviso-de-privacidad\/\">Aviso de privacidad<\/a>. <\/p>\n<p><input type=\"submit\" value=\"Enviar\" class=\"wpcf7-form-control has-spinner wpcf7-submit\" id=\"enviar\" \/><\/p>\n<input type='hidden' class='wpcf7-pum' value='{\"closepopup\":false,\"closedelay\":0,\"openpopup\":false,\"openpopup_id\":0}' \/><div class=\"wpcf7-response-output\" aria-hidden=\"true\"><\/div><\/form><\/div><\/p>\n","protected":false},"author":2,"featured_media":0,"parent":0,"menu_order":0,"comment_status":"closed","ping_status":"closed","template":"","meta":{"_et_pb_use_builder":"on","_et_pb_old_content":"[et_pb_section fb_built=\"1\" custom_padding_last_edited=\"on|tablet\" admin_label=\"Hero\" _builder_version=\"4.11.1\" use_background_color_gradient=\"on\" background_color_gradient_start=\"#ffffff\" background_color_gradient_end=\"rgba(255,255,255,0.64)\" background_color_gradient_direction=\"360deg\" background_color_gradient_overlays_image=\"on\" background_image=\"https:\/\/www.selonce.com.mx\/wp-content\/uploads\/2021\/11\/slider-2-servicio-el-once-1024x502-1.jpeg\" custom_margin=\"0px|||\" custom_padding=\"0px|10%|0px|10%|true|true\" custom_padding_tablet=\"|30px||30px||true\" custom_padding_phone=\"|||||true\" locked=\"off\" global_colors_info=\"{}\"][et_pb_row column_structure=\"2_3,1_3\" padding_top_bottom_link_1=\"false\" padding_left_right_link_1=\"true\" _builder_version=\"3.25\" background_size=\"initial\" background_position=\"top_left\" width=\"100%\" max_width=\"100%\" custom_margin=\"|||\" custom_padding=\"0||0px||false|false\" use_custom_width=\"on\" width_unit=\"off\" custom_width_percent=\"100%\" global_colors_info=\"{}\"][et_pb_column type=\"2_3\" _builder_version=\"3.25\" use_background_color_gradient=\"on\" background_color_gradient_start=\"rgba(0,0,0,0.07)\" background_color_gradient_end=\"rgba(255,255,255,0)\" custom_padding=\"10vw|40px|80px|40px\" custom_padding_tablet=\"|||\" custom_padding_phone=\"|10px||10px||true\" custom_padding_last_edited=\"on|desktop\" global_colors_info=\"{}\" padding_phone=\"|10px||10px||true\" padding_tablet=\"|||\" padding_last_edited=\"on|desktop\" custom_padding__hover=\"|||\"][\/et_pb_column][et_pb_column type=\"1_3\" _builder_version=\"3.25\" custom_padding=\"|||\" global_colors_info=\"{}\" custom_padding__hover=\"|||\"][\/et_pb_column][\/et_pb_row][\/et_pb_section][et_pb_section fb_built=\"1\" make_equal=\"on\" use_custom_gutter=\"on\" gutter_width=\"1\" specialty=\"on\" next_background_color=\"#ffffff\" background_color_2=\"#c10f1b\" padding_top_bottom_link_1=\"true\" padding_top_bottom_link_2=\"true\" padding_top_1=\"150px\" padding_top_2=\"150px\" padding_right_1=\"60px\" padding_right_2=\"10%\" padding_bottom_1=\"150px\" padding_bottom_2=\"150px\" padding_left_1=\"10%\" padding_left_2=\"60px\" padding_1_tablet=\"|0%||0%||true\" padding_2_tablet=\"40px|10%|100px|10%||true\" padding_1_phone=\"\" padding_2_phone=\"\" padding_1_last_edited=\"on|desktop\" padding_2_last_edited=\"on|desktop\" module_class=\" et_pb_specialty_fullwidth\" _builder_version=\"3.22\" use_background_color_gradient=\"on\" background_color_gradient_start=\"rgba(24,30,36,0.9)\" background_color_gradient_end=\"rgba(213,26,39,0.69)\" background_color_gradient_overlays_image=\"on\" background_image=\"https:\/\/www.selonce.com.mx\/wp-content\/uploads\/2021\/10\/car-dealer-34.jpg\" inner_width=\"100%\" inner_width_tablet=\"100%\" inner_width_phone=\"\" inner_width_last_edited=\"on|desktop\" inner_max_width=\"100%\" inner_max_width_tablet=\"100%\" inner_max_width_phone=\"\" inner_max_width_last_edited=\"on|desktop\" custom_padding=\"0px||0px||true\" bottom_divider_style=\"arrow\" bottom_divider_arrangement=\"above_content\" animation_style=\"slide\" animation_direction=\"bottom\" animation_intensity_slide=\"4%\" animation_starting_opacity=\"100%\" box_shadow_style=\"preset7\" box_shadow_horizontal=\"0px\" box_shadow_vertical=\"80px\" box_shadow_color=\"#ffffff\" make_fullwidth=\"on\" saved_tabs=\"all\" global_colors_info=\"{}\"][et_pb_column type=\"1_2\" specialty_columns=\"2\" _builder_version=\"3.25\" custom_padding=\"|||\" global_colors_info=\"{}\" padding_tablet=\"|0%||0%||true\" padding_last_edited=\"on|desktop\" custom_padding__hover=\"|||\"][et_pb_row_inner _builder_version=\"3.25\" custom_padding=\"0|0px|0|0px|true|false\" global_colors_info=\"{}\"][et_pb_column_inner saved_specialty_column_type=\"1_2\" _builder_version=\"3.25\" custom_padding=\"|||\" global_colors_info=\"{}\" custom_padding__hover=\"|||\"][et_pb_text admin_label=\"Get In Touch Title\" _builder_version=\"4.11.1\" text_font=\"Lato||||||||\" text_font_size=\"22px\" text_line_height=\"1.8em\" header_font=\"||||||||\" header_2_font=\"Teko||||||||\" header_2_font_size=\"96px\" background_layout=\"dark\" custom_margin=\"|||\" header_2_font_size_tablet=\"66px\" header_2_font_size_phone=\"36px\" header_2_font_size_last_edited=\"on|phone\" locked=\"off\" global_colors_info=\"{}\"]<h2>Ubicaci\u00f3n<\/h2>[\/et_pb_text][et_pb_text admin_label=\"Address Title\" _builder_version=\"4.11.1\" text_font=\"Lato||||||||\" text_font_size=\"18px\" text_line_height=\"1.8em\" header_font=\"||||||||\" header_4_font=\"Teko|500|||||||\" header_4_font_size=\"22px\" background_layout=\"dark\" custom_margin=\"|||\" locked=\"off\" global_colors_info=\"{}\"]<iframe src=\"https:\/\/www.google.com\/maps\/embed?pb=!1m14!1m8!1m3!1d15049.043973757942!2d-99.211756!3d19.444311!3m2!1i1024!2i768!4f13.1!3m3!1m2!1s0x85d202162b800e7d%3A0x4208eb62d22cf5bf!2sCalz%20Legaria%20761%2C%20Col.%20Irrigaci%C3%B3n%2C%20Miguel%20Hidalgo%2C%2011500%20Ciudad%20de%20M%C3%A9xico%2C%20CDMX!5e0!3m2!1ses-419!2smx!4v1637963308421!5m2!1ses-419!2smx\" width=\"600\" height=\"450\" style=\"border:0;\" allowfullscreen=\"\" loading=\"lazy\"><\/iframe>[\/et_pb_text][et_pb_text admin_label=\"Address Title\" _builder_version=\"4.11.1\" text_font=\"Lato||||||||\" text_font_size=\"18px\" text_line_height=\"1.8em\" header_font=\"||||||||\" header_4_font=\"Teko|500|||||||\" header_4_font_size=\"22px\" background_layout=\"dark\" custom_margin=\"|||\" locked=\"off\" global_colors_info=\"{}\"]<h4>Direcci\u00f3n<\/h4>\r\n<p><span>Calz. Legaria 761 Cuarto Piso, Col. Irrigaci\u00f3n, Delegaci\u00f3n Miguel Hidalgo, M\u00e9xico D.F., C.P. 11500.<\/span><\/p>[\/et_pb_text][et_pb_text admin_label=\"Phone\" _builder_version=\"4.11.1\" text_font=\"Teko|500|||||||\" text_font_size=\"40px\" text_line_height=\"2em\" background_layout=\"dark\" custom_margin=\"|||\" locked=\"off\" global_colors_info=\"{}\"]<p><span>\u260e <\/span>55 6587 0411<\/p>[\/et_pb_text][\/et_pb_column_inner][\/et_pb_row_inner][\/et_pb_column][et_pb_column type=\"1_2\" _builder_version=\"3.25\" background_color=\"#c10f1b\" custom_padding=\"|||\" global_colors_info=\"{}\" padding_tablet=\"40px|10%|100px|10%||true\" padding_last_edited=\"on|desktop\" custom_padding__hover=\"|||\"][et_pb_text admin_label=\"Get In Touch Title\" _builder_version=\"4.11.1\" text_font=\"Lato||||||||\" text_font_size=\"22px\" text_line_height=\"1.8em\" header_font=\"||||||||\" header_2_font=\"Teko||||||||\" header_2_font_size=\"96px\" background_layout=\"dark\" custom_margin=\"|||\" header_2_font_size_tablet=\"66px\" header_2_font_size_phone=\"36px\" header_2_font_size_last_edited=\"on|phone\" locked=\"off\" global_colors_info=\"{}\"]<h2 style=\"text-align: center;\">Contacto<\/h2>[\/et_pb_text][et_pb_text _builder_version=\"4.11.1\" _module_preset=\"default\" background_color=\"#FFFFFF\" custom_padding=\"10px|10px|10px|10px|true|true\" hover_enabled=\"0\" global_colors_info=\"{}\" sticky_enabled=\"0\"]<p class=\"p1\">[contact-form-7 id=\"79\" title=\"Contacto\" html_id=\"form_contacto\"]<\/p>[\/et_pb_text][\/et_pb_column][\/et_pb_section]","_et_gb_content_width":"","footnotes":""},"class_list":["post-117","page","type-page","status-publish","hentry"],"_links":{"self":[{"href":"https:\/\/www.selonce.com.mx\/index.php\/wp-json\/wp\/v2\/pages\/117","targetHints":{"allow":["GET"]}}],"collection":[{"href":"https:\/\/www.selonce.com.mx\/index.php\/wp-json\/wp\/v2\/pages"}],"about":[{"href":"https:\/\/www.selonce.com.mx\/index.php\/wp-json\/wp\/v2\/types\/page"}],"author":[{"embeddable":true,"href":"https:\/\/www.selonce.com.mx\/index.php\/wp-json\/wp\/v2\/users\/2"}],"replies":[{"embeddable":true,"href":"https:\/\/www.selonce.com.mx\/index.php\/wp-json\/wp\/v2\/comments?post=117"}],"version-history":[{"count":10,"href":"https:\/\/www.selonce.com.mx\/index.php\/wp-json\/wp\/v2\/pages\/117\/revisions"}],"predecessor-version":[{"id":256,"href":"https:\/\/www.selonce.com.mx\/index.php\/wp-json\/wp\/v2\/pages\/117\/revisions\/256"}],"wp:attachment":[{"href":"https:\/\/www.selonce.com.mx\/index.php\/wp-json\/wp\/v2\/media?parent=117"}],"curies":[{"name":"wp","href":"https:\/\/api.w.org\/{rel}","templated":true}]}}